{"id":777,"date":"2023-09-07T13:59:18","date_gmt":"2023-09-07T11:59:18","guid":{"rendered":"https:\/\/www.chaudiereviolins.com\/?page_id=777"},"modified":"2025-10-23T17:22:13","modified_gmt":"2025-10-23T15:22:13","slug":"frederic-chaudiere","status":"publish","type":"page","link":"https:\/\/www.chaudiereviolins.com\/en\/violin-makers\/frederic-chaudiere\/","title":{"rendered":"Fr\u00e9d\u00e9ric Chaudi\u00e8re"},"content":{"rendered":"<\/div> <!-- .CV23_TEXT_CONTAINER --><div class=\"CV23_CONTENT_BLOCK CV23_CHAPEAU\"><p>Trained at the Newark International School of Violin Making, Frederic has been making violins, violas and cellos entirely by hand for nearly 40 years. He uses personal models often inspired by Guarnerius Del Ges\u00f9, as well as varnishes of his own composition. Renowned for their realistic patinas and rich timbre, his instruments are powerful and easy to play.<\/p>\n<\/div><div class=\"CV23_TEXT_CONTAINER\">\n\n\n<p class=\"has-text-align-center\"><a class=\"CV23_CTA\" href=\"https:\/\/www.chaudiereviolins.com\/en\/enquiry\/\" data-type=\"page\" data-id=\"933\">Enquiry<\/a><\/p>\n\n\n\n\n<\/div> <!-- .CV23_TEXT_CONTAINER --><div class=\"CV23_CONTENT_BLOCK_FULL CV23_GALERIE\"><div id=\"CV23_G_6040137\" class=\"CV23_GALERIE_CONTAINER\"><div class=\"CV23_GALERIE_ITEM\"><img decoding=\"async\" src=\"https:\/\/www.chaudiereviolins.com\/wp-content\/uploads\/2024\/09\/HL_MMOSCONI-02305-scaled-e1695200167741-939x1024.jpg\" alt=\"Fr\u00e9d\u00e9ric Chaudi\u00e8re - Violin maker\" loading=\"lazy\"><\/div><div class=\"CV23_GALERIE_ITEM\"><img decoding=\"async\" src=\"https:\/\/www.chaudiereviolins.com\/wp-content\/uploads\/2023\/09\/FHC-VIOLONCELLE-TABLE-683x1024.webp\" alt=\"Fr\u00e9d\u00e9ric Chaudi\u00e8re - Cello table\" loading=\"lazy\"><\/div><div class=\"CV23_GALERIE_ITEM\"><img decoding=\"async\" src=\"https:\/\/www.chaudiereviolins.com\/wp-content\/uploads\/2023\/09\/FHC-VIOLONCELLE-FOND-683x1024.webp\" alt=\"Fr\u00e9d\u00e9ric Chaudi\u00e8re - Cello back\" loading=\"lazy\"><\/div><div class=\"CV23_GALERIE_ITEM\"><img decoding=\"async\" src=\"https:\/\/www.chaudiereviolins.com\/wp-content\/uploads\/2023\/09\/FHC-VIOLONCELLE-TETE-683x1024.webp\" alt=\"Fr\u00e9d\u00e9ric Chaudi\u00e8re - Cello head\" loading=\"lazy\"><\/div><div class=\"CV23_GALERIE_ITEM\"><img decoding=\"async\" src=\"https:\/\/www.chaudiereviolins.com\/wp-content\/uploads\/2023\/09\/HL_MMOSCONI-02169-683x1024.jpg\" alt=\"Fr\u00e9d\u00e9ric Chaudi\u00e8re - Violin maker\" loading=\"lazy\"><\/div><div class=\"CV23_GALERIE_ITEM\"><img decoding=\"async\" src=\"https:\/\/www.chaudiereviolins.com\/wp-content\/uploads\/2023\/09\/FHC-ALTO-TABLE-683x1024.webp\" alt=\"Fr\u00e9d\u00e9ric Chaudi\u00e8re - Viola table\" loading=\"lazy\"><\/div><div class=\"CV23_GALERIE_ITEM\"><img decoding=\"async\" src=\"https:\/\/www.chaudiereviolins.com\/wp-content\/uploads\/2023\/09\/FHC-ATELIER-1-1024x683.webp\" alt=\"Fr\u00e9d\u00e9ric Chaudi\u00e8re - Workspace\" loading=\"lazy\"><\/div><div class=\"CV23_GALERIE_ITEM\"><img decoding=\"async\" src=\"https:\/\/www.chaudiereviolins.com\/wp-content\/uploads\/2023\/09\/FHC-ALTO-FOND-683x1024.webp\" alt=\"Fr\u00e9d\u00e9ric Chaudi\u00e8re - Viola back\" loading=\"lazy\"><\/div><div class=\"CV23_GALERIE_ITEM\"><img decoding=\"async\" src=\"https:\/\/www.chaudiereviolins.com\/wp-content\/uploads\/2023\/09\/FHC-ATELIER-VERNIS-1024x683.webp\" alt=\"Fr\u00e9d\u00e9ric Chaudi\u00e8re - Varnishing\" loading=\"lazy\"><\/div><div class=\"CV23_GALERIE_ITEM\"><img decoding=\"async\" src=\"https:\/\/www.chaudiereviolins.com\/wp-content\/uploads\/2023\/09\/FHC-ALTO-TETE-683x1024.webp\" alt=\"Fr\u00e9d\u00e9ric Chaudi\u00e8re - Viola head\" loading=\"lazy\"><\/div><div class=\"CV23_GALERIE_ITEM\"><img decoding=\"async\" src=\"https:\/\/www.chaudiereviolins.com\/wp-content\/uploads\/2023\/09\/FHC-VIOLON-TABLE-683x1024.webp\" alt=\"Fr\u00e9d\u00e9ric Chaudi\u00e8re - Violin table\" loading=\"lazy\"><\/div><div class=\"CV23_GALERIE_ITEM\"><img decoding=\"async\" src=\"https:\/\/www.chaudiereviolins.com\/wp-content\/uploads\/2023\/09\/FHC-VIOLON-FOND-683x1024.webp\" alt=\"Fr\u00e9d\u00e9ric Chaudi\u00e8re - Violin back\" loading=\"lazy\"><\/div><div class=\"CV23_GALERIE_ITEM\"><img decoding=\"async\" src=\"https:\/\/www.chaudiereviolins.com\/wp-content\/uploads\/2023\/09\/FHC-VIOLON-TETE--683x1024.webp\" alt=\"Fr\u00e9d\u00e9ric Chaudi\u00e8re - Violin head\" loading=\"lazy\"><\/div><div class=\"CV23_GALERIE_ITEM\"><img decoding=\"async\" src=\"https:\/\/www.chaudiereviolins.com\/wp-content\/uploads\/2023\/09\/HL_MMOSCONI-03070-683x1024.jpg\" alt=\"Fr\u00e9d\u00e9ric Chaudi\u00e8re - Violin maker\" loading=\"lazy\"><\/div><\/div>\t\n\t\t<script src=\"https:\/\/www.chaudiereviolins.com\/wp-content\/themes\/chaudiereviolins2023\/assets\/js\/masonry.pkgd.min.js\"><\/script>\n\t\t<script src=\"https:\/\/www.chaudiereviolins.com\/wp-content\/themes\/chaudiereviolins2023\/assets\/js\/imagesloaded.pkgd.min.js\"><\/script>\n\t\t<script>\n\t\t\t\/\/ init Masonry\n\t\t\tvar $grid = jQuery('#CV23_G_6040137').masonry({\n\t\t\t\/\/ options\n\t\t\titemSelector: '.CV23_GALERIE_ITEM',\n\t\t\tgutter: 20,\n\t\t\tcolumnWidth: 320\n\t\t\t});\n\t\t\t\/\/ layout Masonry after each image loads\n\t\t\t$grid.imagesLoaded().progress( function() {\n\t\t\t$grid.masonry('layout');\n\t\t\t});\n\t\t<\/script>\n\t\t\n\t\t<div class=\"CV23_TEXT_CONTAINER\">\n\n\n<figure class=\"wp-block-embed is-type-video is-provider-youtube wp-block-embed-youtube wp-embed-aspect-16-9 wp-has-aspect-ratio\"><div class=\"wp-block-embed__wrapper\">\n<iframe loading=\"lazy\" title=\"Violin by Fr\u00e9d\u00e9ric Chaudi\u00e8re, 2023\" width=\"750\" height=\"422\" src=\"https:\/\/www.youtube.com\/embed\/H9qbbgmvNHo?feature=oembed\" frameborder=\"0\" allow=\"accelerometer; autoplay; clipboard-write; encrypted-media; gyroscope; picture-in-picture; web-share\" referrerpolicy=\"strict-origin-when-cross-origin\" allowfullscreen><\/iframe>\n<\/div><\/figure>\n","protected":false},"excerpt":{"rendered":"<p>Enquiry<\/p>\n","protected":false},"author":2,"featured_media":86,"parent":772,"menu_order":0,"comment_status":"closed","ping_status":"closed","template":"","meta":{"_acf_changed":false,"footnotes":""},"class_list":["post-777","page","type-page","status-publish","has-post-thumbnail","hentry","entry"],"acf":[],"_links":{"self":[{"href":"https:\/\/www.chaudiereviolins.com\/en\/wp-json\/wp\/v2\/pages\/777","targetHints":{"allow":["GET"]}}],"collection":[{"href":"https:\/\/www.chaudiereviolins.com\/en\/wp-json\/wp\/v2\/pages"}],"about":[{"href":"https:\/\/www.chaudiereviolins.com\/en\/wp-json\/wp\/v2\/types\/page"}],"author":[{"embeddable":true,"href":"https:\/\/www.chaudiereviolins.com\/en\/wp-json\/wp\/v2\/users\/2"}],"replies":[{"embeddable":true,"href":"https:\/\/www.chaudiereviolins.com\/en\/wp-json\/wp\/v2\/comments?post=777"}],"version-history":[{"count":7,"href":"https:\/\/www.chaudiereviolins.com\/en\/wp-json\/wp\/v2\/pages\/777\/revisions"}],"predecessor-version":[{"id":951,"href":"https:\/\/www.chaudiereviolins.com\/en\/wp-json\/wp\/v2\/pages\/777\/revisions\/951"}],"up":[{"embeddable":true,"href":"https:\/\/www.chaudiereviolins.com\/en\/wp-json\/wp\/v2\/pages\/772"}],"wp:featuredmedia":[{"embeddable":true,"href":"https:\/\/www.chaudiereviolins.com\/en\/wp-json\/wp\/v2\/media\/86"}],"wp:attachment":[{"href":"https:\/\/www.chaudiereviolins.com\/en\/wp-json\/wp\/v2\/media?parent=777"}],"curies":[{"name":"wp","href":"https:\/\/api.w.org\/{rel}","templated":true}]}}